{"id":1496,"date":"2025-07-06T15:49:03","date_gmt":"2025-07-06T13:49:03","guid":{"rendered":"https:\/\/ksa-bauprojekte.de\/?page_id=1496"},"modified":"2025-07-06T23:22:17","modified_gmt":"2025-07-06T21:22:17","slug":"draft-seite","status":"publish","type":"page","link":"https:\/\/ksa-bauprojekte.de\/","title":{"rendered":"Coming Soon"},"content":{"rendered":"<div class=\"fusion-fullwidth fullwidth-box fusion-builder-row-1 fusion-flex-container nonhundred-percent-fullwidth non-hundred-percent-height-scrolling\" style=\"--awb-border-radius-top-left:0px;--awb-border-radius-top-right:0px;--awb-border-radius-bottom-right:0px;--awb-border-radius-bottom-left:0px;--awb-flex-wrap:wrap;\" ><div class=\"fusion-builder-row fusion-row fusion-flex-align-items-flex-start fusion-flex-content-wrap\" style=\"max-width:1216.8px;margin-left: calc(-4% \/ 2 );margin-right: calc(-4% \/ 2 );\"><div class=\"fusion-layout-column fusion_builder_column fusion-builder-column-0 fusion_builder_column_1_1 1_1 fusion-flex-column\" style=\"--awb-bg-size:cover;--awb-width-large:100%;--awb-margin-top-large:0px;--awb-spacing-right-large:1.92%;--awb-margin-bottom-large:0px;--awb-spacing-left-large:1.92%;--awb-width-medium:100%;--awb-spacing-right-medium:1.92%;--awb-spacing-left-medium:1.92%;--awb-width-small:100%;--awb-spacing-right-small:1.92%;--awb-spacing-left-small:1.92%;\"><div class=\"fusion-column-wrapper fusion-flex-justify-content-flex-start fusion-content-layout-column\"><div class=\"fusion-text fusion-text-1\"><style>\n        body {<br \/>            font-family: Arial, sans-serif;<br \/>            background: #ffffff;<br \/>            color: #333333;<br \/>            text-align: center;<br \/>            margin: 0;<br \/>            padding: 0;<br \/>        }<br \/>        header {<br \/>            padding: 40px 20px 10px;<br \/>        }<br \/>        header img {<br \/>            max-width: 300px;<br \/>            height: auto;<br \/>        }<br \/>        h1 {<br \/>            font-size: 1.6em;<br \/>            color: #c19d2c;<br \/>            margin-top: 30px;<br \/>        }<br \/>        .content {<br \/>            padding: 20px;<br \/>            max-width: 800px;<br \/>            margin: 0 auto;<br \/>            font-size: 1.1em;<br \/>            line-height: 1.6;<br \/>        }<br \/>        .contact {<br \/>            background: #f7f7f7;<br \/>            padding: 30px 20px;<br \/>            margin-top: 40px;<br \/>        }<br \/>        .contact h2 {<br \/>            margin-bottom: 20px;<br \/>        }<br \/>        .footer {<br \/>            margin-top: 40px;<br \/>            font-size: 0.9em;<br \/>            color: #777;<br \/>        }<br \/>    <\/style>\n<header><img decoding=\"async\" class=\"lazyload  wp-image-1488 aligncenter\" src=\"https:\/\/ksa-bauprojekte.de\/wp-content\/uploads\/2025\/07\/Logo_KSA-300x300.png\" data-orig-src=\"https:\/\/ksa-bauprojekte.de\/wp-content\/uploads\/2025\/07\/Logo_KSA-300x300.png\" alt=\"\" width=\"511\" height=\"511\" srcset=\"data:image\/svg+xml,%3Csvg%20xmlns%3D%27http%3A%2F%2Fwww.w3.org%2F2000%2Fsvg%27%20width%3D%27511%27%20height%3D%27511%27%20viewBox%3D%270%200%20511%20511%27%3E%3Crect%20width%3D%27511%27%20height%3D%27511%27%20fill-opacity%3D%220%22%2F%3E%3C%2Fsvg%3E\" data-srcset=\"https:\/\/ksa-bauprojekte.de\/wp-content\/uploads\/2025\/07\/Logo_KSA-66x66.png 66w, https:\/\/ksa-bauprojekte.de\/wp-content\/uploads\/2025\/07\/Logo_KSA-150x150.png 150w, https:\/\/ksa-bauprojekte.de\/wp-content\/uploads\/2025\/07\/Logo_KSA-200x200.png 200w, https:\/\/ksa-bauprojekte.de\/wp-content\/uploads\/2025\/07\/Logo_KSA-300x300.png 300w, https:\/\/ksa-bauprojekte.de\/wp-content\/uploads\/2025\/07\/Logo_KSA-400x400.png 400w, https:\/\/ksa-bauprojekte.de\/wp-content\/uploads\/2025\/07\/Logo_KSA-600x600.png 600w, https:\/\/ksa-bauprojekte.de\/wp-content\/uploads\/2025\/07\/Logo_KSA-768x768.png 768w, https:\/\/ksa-bauprojekte.de\/wp-content\/uploads\/2025\/07\/Logo_KSA-800x800.png 800w, https:\/\/ksa-bauprojekte.de\/wp-content\/uploads\/2025\/07\/Logo_KSA-1024x1024.png 1024w, https:\/\/ksa-bauprojekte.de\/wp-content\/uploads\/2025\/07\/Logo_KSA.png 1080w\" data-sizes=\"auto\" data-orig-sizes=\"(max-width: 511px) 100vw, 511px\" \/><\/header>\n<div class=\"content\">\n<h2>Willkommen bei der KSA Bauprojekte GmbH,<\/h2>\n<h2>Ihr starker Partner f\u00fcr den Trocken- und Innenausbau!<\/h2>\n<p>Unsere Website wird gerade f\u00fcr Sie neu gestaltet. Schon bald finden Sie hier alle Informationen zu unseren Leistungen,<br \/>\nProjekten und unserem Unternehmen in einem frischen, modernen Design.<\/p>\n<p>Nat\u00fcrlich sind wir weiterhin f\u00fcr Sie da! Sie erreichen uns wie gewohnt per Telefon, E-Mail oder \u00fcber das Kontaktformular unten.<\/p>\n<p><strong>Wir freuen uns auf Ihre Anfrage und darauf, Ihr Bauprojekt gemeinsam zu verwirklichen!<\/strong><\/p>\n<p>Ihr Team der KSA Bauprojekte GmbH<\/p>\n<\/div>\n<div class=\"contact\">\n<h2>Kontakt<\/h2>\n<p><strong>KSA Bauprojekte GmbH<\/strong><br \/>\nMemeler Weg 1a<br \/>\n31157 Sarstedt<\/p>\n<p>\ud83d\udc64 Gesch\u00e4ftsf\u00fchrer: Kushtrim Bajraktari<br \/>\n\ud83d\udce7 E-Mail: info@ksa-bauprojekte.de<br \/>\n\u260e\ufe0f Telefon: 05066 \/ 8100110<\/p>\n<\/div>\n<\/div><div class=\"fusion-form fusion-form-builder fusion-form-form-wrapper fusion-form-1506\" style=\"--awb-tooltip-text-color:#ffffff;--awb-tooltip-background-color:#333333;\" data-form-id=\"1506\" data-config=\"{&quot;form_id&quot;:&quot;1506&quot;,&quot;form_post_id&quot;:&quot;1506&quot;,&quot;post_id&quot;:1496,&quot;form_type&quot;:&quot;ajax&quot;,&quot;confirmation_type&quot;:&quot;message&quot;,&quot;redirect_url&quot;:&quot;&quot;,&quot;field_labels&quot;:{&quot;&quot;:&quot;&quot;,&quot;ihre_nachricht_an_uns:&quot;:&quot;Ihre Nachricht an uns:&quot;},&quot;field_logics&quot;:{&quot;&quot;:&quot;&quot;,&quot;ihre_nachricht_an_uns:&quot;:&quot;&quot;},&quot;field_types&quot;:{&quot;&quot;:&quot;phone_number&quot;,&quot;ihre_nachricht_an_uns:&quot;:&quot;textarea&quot;,&quot;submit_1&quot;:&quot;submit&quot;},&quot;nonce_method&quot;:&quot;ajax&quot;}\"><form action=\"https:\/\/ksa-bauprojekte.de\/\" method=\"post\" class=\"fusion-form fusion-form-1506\"><div class=\"fusion-fullwidth fullwidth-box fusion-builder-row-1-1 fusion-flex-container has-pattern-background has-mask-background nonhundred-percent-fullwidth non-hundred-percent-height-scrolling\" style=\"--awb-border-radius-top-left:0px;--awb-border-radius-top-right:0px;--awb-border-radius-bottom-right:0px;--awb-border-radius-bottom-left:0px;--awb-flex-wrap:wrap;\" ><div class=\"fusion-builder-row fusion-row fusion-flex-align-items-flex-start fusion-flex-content-wrap\" style=\"width:104% !important;max-width:104% !important;margin-left: calc(-4% \/ 2 );margin-right: calc(-4% \/ 2 );\"><div class=\"fusion-layout-column fusion_builder_column fusion-builder-column-1 fusion_builder_column_1_1 1_1 fusion-flex-column\" style=\"--awb-bg-size:cover;--awb-width-large:100%;--awb-margin-top-large:0px;--awb-spacing-right-large:1.92%;--awb-margin-bottom-large:0px;--awb-spacing-left-large:1.92%;--awb-width-medium:100%;--awb-order-medium:0;--awb-spacing-right-medium:1.92%;--awb-spacing-left-medium:1.92%;--awb-width-small:100%;--awb-order-small:0;--awb-spacing-right-small:1.92%;--awb-spacing-left-small:1.92%;\"><div class=\"fusion-column-wrapper fusion-column-has-shadow fusion-flex-justify-content-flex-start fusion-content-layout-column\"><div class=\"fusion-form-field fusion-form-text-field fusion-form-label-above\" style=\"\" data-form-id=\"1506\"><div class=\"fusion-form-input-with-icon\"><i class=\"awb-form-icon fa-user fas\"><\/i><input type=\"text\" autocomplete=\"off\"  data-empty-notice=\"Bitte Namen eingeben\" name=\"\" id=\"\" value=\"\"  class=\"fusion-form-input\" required=\"true\" aria-required=\"true\" placeholder=\"Name *\" data-holds-private-data=\"false\" minlength=\"0\"\/><\/div><\/div><div class=\"fusion-form-field fusion-form-email-field fusion-form-label-above\" style=\"\" data-form-id=\"1506\"><div class=\"fusion-form-input-with-icon\"><i class=\"awb-form-icon fa-at fas\"><\/i><input type=\"email\" autocomplete=\"off\"  data-empty-notice=\"Bitte Email-Adresse eingeben\" name=\"\" id=\"\" value=\"\"  class=\"fusion-form-input\" required=\"true\" aria-required=\"true\" placeholder=\"Email *\" data-holds-private-data=\"false\"\/><\/div><\/div><div class=\"fusion-form-field fusion-form-phone-number-field fusion-form-label-above\" style=\"\" data-form-id=\"1506\"><div class=\"fusion-form-input-with-icon\"><i class=\"awb-form-icon fa-phone-alt fas\"><\/i><input type=\"tel\" autocomplete=\"off\"  data-empty-notice=\"Bitte Telefonnummer eingeben\" name=\"\" id=\"\" value=\"\"  class=\"fusion-form-input\" required=\"true\" aria-required=\"true\" placeholder=\"Telefonnummer *\" data-holds-private-data=\"false\"\/><\/div><\/div><div class=\"fusion-form-field fusion-form-textarea-field fusion-form-label-above\" style=\"\" data-form-id=\"1506\"><label for=\"ihre_nachricht_an_uns:\">Ihre Nachricht an uns: <abbr class=\"fusion-form-element-required\" title=\"required\">*<\/abbr><\/label><div class=\"fusion-form-input-with-icon\"><i class=\" fa-comment-alt fas\"><\/i><textarea cols=\"40\" autocomplete=\"off\" data-empty-notice=\"F\u00fcgen sie bitte Ihr Anliegen an uns ein.\"  minlength=\"0\"  rows=\"6\" tabindex=\"\" id=\"ihre_nachricht_an_uns:\" name=\"ihre_nachricht_an_uns:\" class=\"fusion-form-input\" required=\"true\" aria-required=\"true\" data-holds-private-data=\"false\"><\/textarea><\/div><\/div><div class=\"fusion-form-field fusion-form-submit-field fusion-form-label-above\" style=\"\" data-form-id=\"1506\"><div ><button type=\"submit\" class=\"fusion-button button-flat fusion-button-default-size button-default fusion-button-default button-1 fusion-button-default-span  form-form-submit button-default\" data-form-number=\"1506\" tabindex=\"\"><span class=\"fusion-button-text awb-button__text awb-button__text--default\">Abschicken<\/span><\/button><\/div><\/div><\/div><\/div><\/div><\/div><input type=\"hidden\" name=\"fusion_privacy_store_ip_ua\" value=\"false\"><input type=\"hidden\" name=\"fusion_privacy_expiration_interval\" value=\"48\"><input type=\"hidden\" name=\"privacy_expiration_action\" value=\"anonymize\"><\/form><\/div><div class=\"fusion-text fusion-text-2\"><p style=\"text-align: center;\">\u00a9 2025 KSA Bauprojekte GmbH<\/p>\n<\/div><\/div><\/div><\/div><\/div>\n","protected":false},"excerpt":{"rendered":"","protected":false},"author":1,"featured_media":0,"parent":0,"menu_order":0,"comment_status":"closed","ping_status":"closed","template":"","meta":{"footnotes":""},"class_list":["post-1496","page","type-page","status-publish","hentry"],"_links":{"self":[{"href":"https:\/\/ksa-bauprojekte.de\/index.php\/wp-json\/wp\/v2\/pages\/1496","targetHints":{"allow":["GET"]}}],"collection":[{"href":"https:\/\/ksa-bauprojekte.de\/index.php\/wp-json\/wp\/v2\/pages"}],"about":[{"href":"https:\/\/ksa-bauprojekte.de\/index.php\/wp-json\/wp\/v2\/types\/page"}],"author":[{"embeddable":true,"href":"https:\/\/ksa-bauprojekte.de\/index.php\/wp-json\/wp\/v2\/users\/1"}],"replies":[{"embeddable":true,"href":"https:\/\/ksa-bauprojekte.de\/index.php\/wp-json\/wp\/v2\/comments?post=1496"}],"version-history":[{"count":10,"href":"https:\/\/ksa-bauprojekte.de\/index.php\/wp-json\/wp\/v2\/pages\/1496\/revisions"}],"predecessor-version":[{"id":1515,"href":"https:\/\/ksa-bauprojekte.de\/index.php\/wp-json\/wp\/v2\/pages\/1496\/revisions\/1515"}],"wp:attachment":[{"href":"https:\/\/ksa-bauprojekte.de\/index.php\/wp-json\/wp\/v2\/media?parent=1496"}],"curies":[{"name":"wp","href":"https:\/\/api.w.org\/{rel}","templated":true}]}}